{"id":350,"date":"2025-10-27T17:17:48","date_gmt":"2025-10-27T14:17:48","guid":{"rendered":"http:\/\/inanfoods.com\/?page_id=350"},"modified":"2025-10-30T14:17:55","modified_gmt":"2025-10-30T11:17:55","slug":"sut","status":"publish","type":"page","link":"https:\/\/inanfoods.com\/index.php\/sut\/","title":{"rendered":"S\u00fct"},"content":{"rendered":"\t\t<div data-elementor-type=\"wp-page\" data-elementor-id=\"350\" class=\"elementor elementor-350\">\n\t\t\t\t<div class=\"elementor-element elementor-element-3842ce6 e-grid e-con-boxed e-con e-parent\" data-id=\"3842ce6\" data-element_type=\"container\">\n\t\t\t\t\t<div class=\"e-con-inner\">\n\t\t\t\t<div class=\"elementor-element elementor-element-0ee020d elementor-widget elementor-widget-heading\" data-id=\"0ee020d\" data-element_type=\"widget\" data-widget_type=\"heading.default\">\n\t\t\t\t\t<h2 class=\"elementor-heading-title elementor-size-default\">S\u00fct<\/h2>\t\t\t\t<\/div>\n\t\t\t\t<div class=\"elementor-element elementor-element-475ebc7 elementor-widget elementor-widget-text-editor\" data-id=\"475ebc7\" data-element_type=\"widget\" data-widget_type=\"text-editor.default\">\n\t\t\t\t\t\t\t\t\t<p>T\u00fcrkiye\u2019nin ve b\u00f6lgesinin lider g\u0131da ve me\u015frubat tedarik firmas\u0131 olarak; kalite, g\u00fcvenilirlik ve s\u00fcrd\u00fcr\u00fclebilirlik ilkeleri do\u011frultusunda farkl\u0131 \u00fcr\u00fcn guruplar\u0131m\u0131zla hizmet vermekteyiz.<\/p>\t\t\t\t\t\t\t\t<\/div>\n\t\t\t\t\t<\/div>\n\t\t\t\t<\/div>\n\t\t<div class=\"elementor-element elementor-element-46bcd46 e-flex e-con-boxed e-con e-parent\" data-id=\"46bcd46\" data-element_type=\"container\">\n\t\t\t\t\t<div class=\"e-con-inner\">\n\t\t\t\t<div class=\"elementor-element elementor-element-97b9e0d elementor-widget elementor-widget-image\" data-id=\"97b9e0d\" data-element_type=\"widget\" data-widget_type=\"image.default\">\n\t\t\t\t\t\t\t\t\t\t\t\t\t\t\t<img fetchpriority=\"high\" decoding=\"async\" width=\"1024\" height=\"389\" src=\"https:\/\/inanfoods.com\/wp-content\/uploads\/2025\/10\/INAN-GIDA-1024x389.png\" class=\"attachment-large size-large wp-image-6\" alt=\"\" srcset=\"https:\/\/inanfoods.com\/wp-content\/uploads\/2025\/10\/INAN-GIDA-1024x389.png 1024w, https:\/\/inanfoods.com\/wp-content\/uploads\/2025\/10\/INAN-GIDA-300x114.png 300w, https:\/\/inanfoods.com\/wp-content\/uploads\/2025\/10\/INAN-GIDA-768x291.png 768w, https:\/\/inanfoods.com\/wp-content\/uploads\/2025\/10\/INAN-GIDA-1536x583.png 1536w, https:\/\/inanfoods.com\/wp-content\/uploads\/2025\/10\/INAN-GIDA-2048x777.png 2048w\" sizes=\"(max-width: 1024px) 100vw, 1024px\" \/>\t\t\t\t\t\t\t\t\t\t\t\t\t\t\t<\/div>\n\t\t\t\t\t<\/div>\n\t\t\t\t<\/div>\n\t\t\t\t<\/div>\n\t\t","protected":false},"excerpt":{"rendered":"<p>S\u00fct T\u00fcrkiye\u2019nin ve b\u00f6lgesinin lider g\u0131da ve me\u015frubat tedarik firmas\u0131 olarak; kalite, g\u00fcvenilirlik ve s\u00fcrd\u00fcr\u00fclebilirlik ilkeleri do\u011frultusunda farkl\u0131 \u00fcr\u00fcn guruplar\u0131m\u0131zla hizmet vermekteyiz.<\/p>\n","protected":false},"author":1,"featured_media":0,"parent":0,"menu_order":0,"comment_status":"closed","ping_status":"closed","template":"","meta":{"footnotes":""},"class_list":["post-350","page","type-page","status-publish","hentry"],"_links":{"self":[{"href":"https:\/\/inanfoods.com\/index.php\/wp-json\/wp\/v2\/pages\/350","targetHints":{"allow":["GET"]}}],"collection":[{"href":"https:\/\/inanfoods.com\/index.php\/wp-json\/wp\/v2\/pages"}],"about":[{"href":"https:\/\/inanfoods.com\/index.php\/wp-json\/wp\/v2\/types\/page"}],"author":[{"embeddable":true,"href":"https:\/\/inanfoods.com\/index.php\/wp-json\/wp\/v2\/users\/1"}],"replies":[{"embeddable":true,"href":"https:\/\/inanfoods.com\/index.php\/wp-json\/wp\/v2\/comments?post=350"}],"version-history":[{"count":4,"href":"https:\/\/inanfoods.com\/index.php\/wp-json\/wp\/v2\/pages\/350\/revisions"}],"predecessor-version":[{"id":606,"href":"https:\/\/inanfoods.com\/index.php\/wp-json\/wp\/v2\/pages\/350\/revisions\/606"}],"wp:attachment":[{"href":"https:\/\/inanfoods.com\/index.php\/wp-json\/wp\/v2\/media?parent=350"}],"curies":[{"name":"wp","href":"https:\/\/api.w.org\/{rel}","templated":true}]}}